{"id":3589,"date":"2018-03-09T12:27:32","date_gmt":"2018-03-09T12:27:32","guid":{"rendered":"http:\/\/green-gvozd.com\/?page_id=3589"},"modified":"2019-01-29T13:24:33","modified_gmt":"2019-01-29T13:24:33","slug":"wp-gvozd","status":"publish","type":"page","link":"http:\/\/green-gvozd.com\/?page_id=3589&lang=en","title":{"rendered":"WPP GVOZD"},"content":{"rendered":"<p><iframe loading=\"lazy\" src=\"https:\/\/drive.google.com\/file\/d\/1o5NKcq_qGauYwlz2k6od_h4ppVwotcsW\/preview\" width=\"640\" height=\"480\"><\/iframe><\/p>\n<p>Investor Green Gvozd d.o.o. performs measurements of wind energy potential within Krnovo area since 2009. at locations of Gvozd and Jeinjak. Based on these measurements it is concluded there is wind energy potential which can be technically exploited.<\/p>\n<p>Wind power plant Gvozd is planned to be constructed south of the existing wind power plant Krnovo, at locations between Gvozd and Obe\u0161enjak, O\u0161trica, Bovec, Ma\u0161ina, Jajin, Grakala and Vla\u0161ko brdo.<\/p>\n<p>Within the area of \u200b\u200bthe wind power plant investor plans construction of internal underground mid-voltage 33 kV cable network, optical cable network and transmission lines for purpose of connection wind turbines to the new substation 33\/110 kV Gvozd.<br \/>For the transport of wtg components it is planned reconstruction of the existing roads and the construction of new roads between wind turbines. In addition to the traffic infrastructure, the construction of crane pads is also planned, as well as the foundations with earthing.<\/p>\n<p>The connection of the wind power plant Gvozd to the 110 kV high voltage network will be achieved by construction of a new substation SS 33\/110 kV Gvozd and the reconstruction of the existing substation SS 33 \/ 110kV Krnovo, interconnected by a new 110 kV transmission line Gvozd-Krnovo.<\/p>\n<p>SS 33\/110 kV Gvozd will be also connected with substation SS 110 \/ 35kV Nik\u0161i\u0107 1 (\u017deljezara) with new 110 kV transmission line.<\/p>\n<p>Relevant spatial plan includes 16 wind turbine positions with total installed capacity up to 55 MW in the final stage.<\/p>\n<p><strong>List of main structures which will be constructed within project of WPP Gvozd:<\/strong><\/p>\n<ol>\n<li><strong> WPP Gvozd<\/strong><br \/>\u2013 up to 16 wind turbines,<br \/>\u2013 wind turbine foundations incl. earthing,<br \/>\u2013 crane pads for assembly of equipment,<br \/>\u2013 access and service roads,<br \/>\u2013 mid-voltage 33 kV cable network, optical cable network,<br \/>\u2013 transmission line\u00a035 kV (T8-T6), L = 1 689 m,<br \/>\u2013 transmission line\u00a0 35 kV (T8-T7), L = 1 733 m,<br \/>\u2013 transmission line\u00a0 35 kV (T15-T14), L = 867m.<br \/><strong>2. SS 33\/110 kV Gvozd<br \/>3. SS 33\/110 kV Krnovo (reconstruction)<br \/>4. Transmission line\u00a0 110 kV Gvozd \u2013 Krnovo, L = 3 125 m<br \/>5. Transmission line\u00a0 110 kV Gvozd \u2013 Niksic, L = 14 730 m<\/strong><\/li>\n<\/ol>\n<p>The importance of building of wind power plant and benefit to the community can be expressed through the following parameters:<\/p>\n<ul>\n<li>development of economy, technological development,<\/li>\n<li>energy diversification and security of electrical energy supply,<\/li>\n<li>increase of domestic energy production and reduction of imported energy,<\/li>\n<li>reduction of CO2 emissions,<\/li>\n<li>involvement of local contractors during construction of wind power plant,<\/li>\n<li>employment of local population for maintenance of wind power plant,<\/li>\n<li>improvement of local infrastructure,<\/li>\n<li>land lease compensation,<\/li>\n<li>educational visits.<\/li>\n<\/ul>\n<p>Commissioning of\u00a0 the Wind power plant Gvozd is planned in 2020.<\/p>\n<div id=\"envira-gallery-wrap-3889\" class=\"envira-gallery-wrap envira-gallery-theme-base envira-lightbox-theme-base\" itemscope itemtype=\"https:\/\/schema.org\/ImageGallery\"><div data-row-height=\"150\" data-gallery-theme=\"normal\" id=\"envira-gallery-3889\" class=\"envira-gallery-public envira-gallery-justified-public envira-gallery-0-columns envira-clear enviratope envira-gallery-css-animations\" data-envira-columns=\"0\"><div id=\"envira-gallery-item-3715\" class=\"envira-gallery-item enviratope-item envira-gallery-item-1 envira-lazy-load\" style=\"padding-left: 5px; padding-bottom: 10px; padding-right: 5px;\"  itemscope itemtype=\"https:\/\/schema.org\/ImageObject\"><div class=\"envira-gallery-item-inner\"><div class=\"envira-gallery-position-overlay  envira-gallery-top-left\"><\/div><div class=\"envira-gallery-position-overlay  envira-gallery-top-right\"><\/div><div class=\"envira-gallery-position-overlay  envira-gallery-bottom-left\"><\/div><div class=\"envira-gallery-position-overlay  envira-gallery-bottom-right\"><\/div><a href=\"https:\/\/i0.wp.com\/green-gvozd.com\/wp-content\/uploads\/2018\/04\/snapshot.jpg\" class=\"envira-gallery-3889 envira-gallery-link\" rel=\"enviragallery3889\" title=\"\" data-envira-caption=\"\" data-envira-retina=\"\" data-thumbnail=\"\"  itemprop=\"contentUrl\"><img decoding=\"async\" id=\"envira-gallery-image-3715\" class=\"envira-gallery-image envira-gallery-image-1 envira-normal envira-lazy\" data-envira-index=\"1\" src=\"https:\/\/i0.wp.com\/green-gvozd.com\/wp-content\/uploads\/2018\/04\/snapshot.jpg?resize=150%2C150\" data-envira-src=\"https:\/\/i0.wp.com\/green-gvozd.com\/wp-content\/uploads\/2018\/04\/snapshot.jpg?resize=150%2C150\" data-envira-gallery-id=\"3889\" data-envira-item-id=\"3715\" data-envira-caption=\"\" alt=\"\" title=\"\"  itemprop=\"thumbnailUrl\" data-envira-srcset=\"https:\/\/i0.wp.com\/green-gvozd.com\/wp-content\/uploads\/2018\/04\/snapshot.jpg?resize=150%2C150 400w,https:\/\/i0.wp.com\/green-gvozd.com\/wp-content\/uploads\/2018\/04\/snapshot.jpg?resize=150%2C150 2x\" data-envira-width=\"300\" data-envira-height=\"129\" srcset=\"data:image\/gif;base64,R0lGODlhAQABAIAAAP\/\/\/\/\/\/\/yH5BAEKAAEALAAAAAABAAEAAAICTAEAOw==\" data-safe-src=\"data:image\/gif;base64,R0lGODlhAQABAIAAAP\/\/\/\/\/\/\/yH5BAEKAAEALAAAAAABAAEAAAICTAEAOw==\" \/><\/a><\/div><\/div><div id=\"envira-gallery-item-3714\" class=\"envira-gallery-item enviratope-item envira-gallery-item-2 envira-lazy-load\" style=\"padding-left: 5px; padding-bottom: 10px; padding-right: 5px;\"  itemscope itemtype=\"https:\/\/schema.org\/ImageObject\"><div class=\"envira-gallery-item-inner\"><div class=\"envira-gallery-position-overlay  envira-gallery-top-left\"><\/div><div class=\"envira-gallery-position-overlay  envira-gallery-top-right\"><\/div><div class=\"envira-gallery-position-overlay  envira-gallery-bottom-left\"><\/div><div class=\"envira-gallery-position-overlay  envira-gallery-bottom-right\"><\/div><a href=\"https:\/\/i0.wp.com\/green-gvozd.com\/wp-content\/uploads\/2018\/04\/snapshot-4.jpg\" class=\"envira-gallery-3889 envira-gallery-link\" rel=\"enviragallery3889\" title=\"\" data-envira-caption=\"\" data-envira-retina=\"\" data-thumbnail=\"\"  itemprop=\"contentUrl\"><img decoding=\"async\" id=\"envira-gallery-image-3714\" class=\"envira-gallery-image envira-gallery-image-2 envira-normal envira-lazy\" data-envira-index=\"2\" src=\"https:\/\/i0.wp.com\/green-gvozd.com\/wp-content\/uploads\/2018\/04\/snapshot-4.jpg?resize=150%2C150\" data-envira-src=\"https:\/\/i0.wp.com\/green-gvozd.com\/wp-content\/uploads\/2018\/04\/snapshot-4.jpg?resize=150%2C150\" data-envira-gallery-id=\"3889\" data-envira-item-id=\"3714\" data-envira-caption=\"\" alt=\"\" title=\"\"  itemprop=\"thumbnailUrl\" data-envira-srcset=\"https:\/\/i0.wp.com\/green-gvozd.com\/wp-content\/uploads\/2018\/04\/snapshot-4.jpg?resize=150%2C150 400w,https:\/\/i0.wp.com\/green-gvozd.com\/wp-content\/uploads\/2018\/04\/snapshot-4.jpg?resize=150%2C150 2x\" data-envira-width=\"300\" data-envira-height=\"169\" srcset=\"data:image\/gif;base64,R0lGODlhAQABAIAAAP\/\/\/\/\/\/\/yH5BAEKAAEALAAAAAABAAEAAAICTAEAOw==\" data-safe-src=\"data:image\/gif;base64,R0lGODlhAQABAIAAAP\/\/\/\/\/\/\/yH5BAEKAAEALAAAAAABAAEAAAICTAEAOw==\" \/><\/a><\/div><\/div><div id=\"envira-gallery-item-3712\" class=\"envira-gallery-item enviratope-item envira-gallery-item-3 envira-lazy-load\" style=\"padding-left: 5px; padding-bottom: 10px; padding-right: 5px;\"  itemscope itemtype=\"https:\/\/schema.org\/ImageObject\"><div class=\"envira-gallery-item-inner\"><div class=\"envira-gallery-position-overlay  envira-gallery-top-left\"><\/div><div class=\"envira-gallery-position-overlay  envira-gallery-top-right\"><\/div><div class=\"envira-gallery-position-overlay  envira-gallery-bottom-left\"><\/div><div class=\"envira-gallery-position-overlay  envira-gallery-bottom-right\"><\/div><a href=\"https:\/\/i0.wp.com\/green-gvozd.com\/wp-content\/uploads\/2018\/04\/snapshot-2.jpg\" class=\"envira-gallery-3889 envira-gallery-link\" rel=\"enviragallery3889\" title=\"\" data-envira-caption=\"\" data-envira-retina=\"\" data-thumbnail=\"\"  itemprop=\"contentUrl\"><img decoding=\"async\" id=\"envira-gallery-image-3712\" class=\"envira-gallery-image envira-gallery-image-3 envira-normal envira-lazy\" data-envira-index=\"3\" src=\"https:\/\/i0.wp.com\/green-gvozd.com\/wp-content\/uploads\/2018\/04\/snapshot-2.jpg?fit=1920%2C1080\" data-envira-src=\"https:\/\/i0.wp.com\/green-gvozd.com\/wp-content\/uploads\/2018\/04\/snapshot-2.jpg?fit=1920%2C1080\" data-envira-gallery-id=\"3889\" data-envira-item-id=\"3712\" data-envira-caption=\"\" alt=\"\" title=\"\"  itemprop=\"thumbnailUrl\" data-envira-srcset=\"https:\/\/i0.wp.com\/green-gvozd.com\/wp-content\/uploads\/2018\/04\/snapshot-2.jpg?fit=1920%2C1080 400w,https:\/\/i0.wp.com\/green-gvozd.com\/wp-content\/uploads\/2018\/04\/snapshot-2.jpg?fit=1920%2C1080 2x\" data-envira-width=\"300\" data-envira-height=\"169\" srcset=\"data:image\/gif;base64,R0lGODlhAQABAIAAAP\/\/\/\/\/\/\/yH5BAEKAAEALAAAAAABAAEAAAICTAEAOw==\" data-safe-src=\"data:image\/gif;base64,R0lGODlhAQABAIAAAP\/\/\/\/\/\/\/yH5BAEKAAEALAAAAAABAAEAAAICTAEAOw==\" \/><\/a><\/div><\/div><div id=\"envira-gallery-item-3711\" class=\"envira-gallery-item enviratope-item envira-gallery-item-4 envira-lazy-load\" style=\"padding-left: 5px; padding-bottom: 10px; padding-right: 5px;\"  itemscope itemtype=\"https:\/\/schema.org\/ImageObject\"><div class=\"envira-gallery-item-inner\"><div class=\"envira-gallery-position-overlay  envira-gallery-top-left\"><\/div><div class=\"envira-gallery-position-overlay  envira-gallery-top-right\"><\/div><div class=\"envira-gallery-position-overlay  envira-gallery-bottom-left\"><\/div><div class=\"envira-gallery-position-overlay  envira-gallery-bottom-right\"><\/div><a href=\"https:\/\/i0.wp.com\/green-gvozd.com\/wp-content\/uploads\/2018\/04\/snapshot-1.jpg\" class=\"envira-gallery-3889 envira-gallery-link\" rel=\"enviragallery3889\" title=\"\" data-envira-caption=\"\" data-envira-retina=\"\" data-thumbnail=\"\"  itemprop=\"contentUrl\"><img decoding=\"async\" id=\"envira-gallery-image-3711\" class=\"envira-gallery-image envira-gallery-image-4 envira-normal envira-lazy\" data-envira-index=\"4\" src=\"https:\/\/i0.wp.com\/green-gvozd.com\/wp-content\/uploads\/2018\/04\/snapshot-1.jpg?fit=1536%2C864\" data-envira-src=\"https:\/\/i0.wp.com\/green-gvozd.com\/wp-content\/uploads\/2018\/04\/snapshot-1.jpg?fit=1536%2C864\" data-envira-gallery-id=\"3889\" data-envira-item-id=\"3711\" data-envira-caption=\"\" alt=\"\" title=\"\"  itemprop=\"thumbnailUrl\" data-envira-srcset=\"https:\/\/i0.wp.com\/green-gvozd.com\/wp-content\/uploads\/2018\/04\/snapshot-1.jpg?fit=1536%2C864 400w,https:\/\/i0.wp.com\/green-gvozd.com\/wp-content\/uploads\/2018\/04\/snapshot-1.jpg?fit=1536%2C864 2x\" data-envira-width=\"300\" data-envira-height=\"169\" srcset=\"data:image\/gif;base64,R0lGODlhAQABAIAAAP\/\/\/\/\/\/\/yH5BAEKAAEALAAAAAABAAEAAAICTAEAOw==\" data-safe-src=\"data:image\/gif;base64,R0lGODlhAQABAIAAAP\/\/\/\/\/\/\/yH5BAEKAAEALAAAAAABAAEAAAICTAEAOw==\" \/><\/a><\/div><\/div><\/div><\/div><noscript><img decoding=\"async\" src=\"https:\/\/i0.wp.com\/green-gvozd.com\/wp-content\/uploads\/2018\/04\/snapshot.jpg?fit=1429%2C614\" alt=\"\" \/><img decoding=\"async\" src=\"https:\/\/i0.wp.com\/green-gvozd.com\/wp-content\/uploads\/2018\/04\/snapshot-4.jpg?fit=1920%2C1080\" alt=\"\" \/><img decoding=\"async\" src=\"https:\/\/i0.wp.com\/green-gvozd.com\/wp-content\/uploads\/2018\/04\/snapshot-2.jpg?fit=1920%2C1080\" alt=\"\" \/><img decoding=\"async\" src=\"https:\/\/i0.wp.com\/green-gvozd.com\/wp-content\/uploads\/2018\/04\/snapshot-1.jpg?fit=1920%2C1080\" alt=\"\" \/><\/noscript>\n\n","protected":false},"excerpt":{"rendered":"<p>Investor Green Gvozd d.o.o. performs measurements of wind energy potential within Krnovo area since 2009. at locations of Gvozd and Jeinjak. Based on these measurements it is concluded there is wind energy potential which can be technically exploited. Wind power plant Gvozd is planned to be constructed south of the existing wind power plant Krnovo, at locations between Gvozd and Obe\u0161enjak, O\u0161trica, Bovec, Ma\u0161ina, Jajin, Grakala and Vla\u0161ko brdo. Within the area of \u200b\u200bthe wind power plant investor plans construction&hellip;<\/p>\n","protected":false},"author":1,"featured_media":0,"parent":0,"menu_order":0,"comment_status":"closed","ping_status":"closed","template":"","meta":{"_exactmetrics_skip_tracking":false,"_exactmetrics_sitenote_active":false,"_exactmetrics_sitenote_note":"","_exactmetrics_sitenote_category":0,"jetpack_post_was_ever_published":false,"footnotes":""},"class_list":["post-3589","page","type-page","status-publish","hentry"],"jetpack_sharing_enabled":true,"jetpack_shortlink":"https:\/\/wp.me\/PaMu7a-VT","jetpack-related-posts":[],"_links":{"self":[{"href":"http:\/\/green-gvozd.com\/index.php?rest_route=\/wp\/v2\/pages\/3589","targetHints":{"allow":["GET"]}}],"collection":[{"href":"http:\/\/green-gvozd.com\/index.php?rest_route=\/wp\/v2\/pages"}],"about":[{"href":"http:\/\/green-gvozd.com\/index.php?rest_route=\/wp\/v2\/types\/page"}],"author":[{"embeddable":true,"href":"http:\/\/green-gvozd.com\/index.php?rest_route=\/wp\/v2\/users\/1"}],"replies":[{"embeddable":true,"href":"http:\/\/green-gvozd.com\/index.php?rest_route=%2Fwp%2Fv2%2Fcomments&post=3589"}],"version-history":[{"count":22,"href":"http:\/\/green-gvozd.com\/index.php?rest_route=\/wp\/v2\/pages\/3589\/revisions"}],"predecessor-version":[{"id":3892,"href":"http:\/\/green-gvozd.com\/index.php?rest_route=\/wp\/v2\/pages\/3589\/revisions\/3892"}],"wp:attachment":[{"href":"http:\/\/green-gvozd.com\/index.php?rest_route=%2Fwp%2Fv2%2Fmedia&parent=3589"}],"curies":[{"name":"wp","href":"https:\/\/api.w.org\/{rel}","templated":true}]}}