{"id":3568,"date":"2018-03-09T11:10:41","date_gmt":"2018-03-09T11:10:41","guid":{"rendered":"http:\/\/green-gvozd.com\/?page_id=3568"},"modified":"2019-01-29T13:24:26","modified_gmt":"2019-01-29T13:24:26","slug":"ve-gvozd","status":"publish","type":"page","link":"https:\/\/green-gvozd.com\/?page_id=3568","title":{"rendered":"VE GVOZD"},"content":{"rendered":"<p><iframe loading=\"lazy\" src=\"https:\/\/drive.google.com\/file\/d\/1o5NKcq_qGauYwlz2k6od_h4ppVwotcsW\/preview\" width=\"640\" height=\"480\"><\/iframe><\/p>\n<p>Investitor Green Gvozd d.o.o. od 2009. godine vr\u0161i mjerenja vjetropotencijala na podru\u010dju Krnova, lokacijama Gvozd i Jeinjak, na osnovu kojih je utvr\u0111eno da postoji energetski potencijal vjetra koji se mo\u017ee tehni\u010dki iskoristiti.<\/p>\n<p>Vjetroelektrana Gvozd je planirana ju\u017eno od realizovane vjetroelektrane Krnovo, na lokalitetima izme\u0111u Gvozda i Obe\u0161enjaka, O\u0161trica, Gove\u0111i do, Ma\u0161ina glav, Jeinjak, Grakala i Vla\u0161ko brdo.<\/p>\n<p>Unutar podru\u010dja vjetroelektrane planira se izgradnja internog podzemnog kablovskog razvoda naponskog nivoa 33 kV, te dalekovoda naponskog nivoa 33 kV, \u010dija je svrha povezivanje pojedinih vjetroagregata sa novom trafostanicom TS 33\/110 kV Gvozd.<\/p>\n<p>Za potrebe budu\u0107e vjetroelektrane predvi\u0111a se izgradnja saobra\u0107ajne infrastrukture, odnosno rekonstrukcija postoje\u0107ih puteva i izgradnja novih puteva, s ciljem povezivanja pojedinih vjetroagregata. Osim saobra\u0107ajne infrastrukture predvi\u0111a se izgradnja tipskih platoa, dimenzionisanih u skladu sa tehnolo\u0161kim potrebama monta\u017ee vjetroagregata, kao i temelja na koje \u0107e se postaviti stubovi vjetroagregata.<\/p>\n<p>Priklju\u010dak vjetroelektrane na visokonaponsku mre\u017eu 110 kV ostvario bi se gradnjom nove trafostanice TS 33\/110 kV Gvozd i rekonstrukcijom trafostanice TS 33\/110kV Krnovo, koje se me\u0111usobno povezuju novim 110 kV dalekovodom. TS 33\/110kV Krnovo se povezuje 2&#215;110 kV dalekovodom sa TS 110\/35kV Brezna, a TS 33\/110 kV Gvozd sa trafostanicom TS 110\/35kV Nik\u0161i\u0107 1 (\u017deljezara).<\/p>\n<p>Lokalnom studijom lokacije obuhva\u0107ene su pozicije\u00a0 16 vetroagregata, a ukupna instalirana snaga vetroelektrane u kona\u010dnoj fazi iznositi \u0107e do 55 MW.<\/p>\n<p>Objekti koji se izvode u sklopu projekta Vetroelektrana Gvozd su slijede\u0107i:<\/p>\n<table>\n<tbody>\n<tr>\n<td width=\"528\">\n<p><strong>1.\u00a0\u00a0\u00a0\u00a0\u00a0\u00a0 <\/strong><strong>VE Gvozd <\/strong><\/p>\n<p>&#8211;\u00a0\u00a0\u00a0\u00a0\u00a0\u00a0 Vjetroagregati (do 16 pozicija)<\/p>\n<p>&#8211;\u00a0\u00a0\u00a0\u00a0\u00a0\u00a0 temelji vjetroagregata sa uzemljenjem<\/p>\n<p>&#8211;\u00a0\u00a0\u00a0\u00a0\u00a0\u00a0 platoi za monta\u017eu vjetroagregata<\/p>\n<p>&#8211;\u00a0\u00a0\u00a0\u00a0\u00a0\u00a0 pristupni i servisni putevi<\/p>\n<p>&#8211;\u00a0\u00a0\u00a0\u00a0\u00a0\u00a0 srednjenaponski i opti\u010dki kablovi<\/p>\n<p>&#8211;\u00a0\u00a0\u00a0\u00a0\u00a0\u00a0 Dalekovod 35 kV (T8-T6), L=1 689 m<\/p>\n<p>&#8211;\u00a0\u00a0\u00a0\u00a0\u00a0\u00a0 Dalekovod 35 kV (T8-T7), L=1 733 m<\/p>\n<p>&#8211;\u00a0\u00a0\u00a0\u00a0\u00a0\u00a0 Dalekovod 35 kV (T15-T14), L=867m<\/p>\n<\/td>\n<\/tr>\n<tr>\n<td width=\"528\">\n<p><strong>2.\u00a0\u00a0\u00a0\u00a0\u00a0\u00a0 <\/strong><strong>TS 33\/110 kV Gvozd<\/strong><\/p>\n<p>3.\u00a0\u00a0\u00a0\u00a0\u00a0\u00a0 <strong>TS 33\/110 kV Krnovo (rekonstrukcija)<\/strong><\/p>\n<\/td>\n<\/tr>\n<tr>\n<td width=\"528\">\n<p>4.\u00a0\u00a0\u00a0\u00a0\u00a0\u00a0 <strong>Dalekovod 110 kV Gvozd \u2013 Krnovo, <\/strong>L=3 125 m<\/p>\n<p>5.\u00a0\u00a0\u00a0\u00a0\u00a0\u00a0 <strong>Dalekovod 110 kV Gvozd \u2013 Nik\u0161i\u0107, <\/strong>L=14 730 m<\/p>\n<\/td>\n<\/tr>\n<\/tbody>\n<\/table>\n<p>Zna\u010daj izgradnje vetroelektrane i dobrobit za zajednicu mogu se iskazati kroz slede\u0107e parametre:<\/p>\n<ul>\n<li>razvijanje privrede, tehnolo\u0161ki razvoj,<\/li>\n<li>diverzifikacija proizvodnje i sigurnost snabdijevanja elektri\u010dnom energijom,<\/li>\n<li>pove\u0107anje doma\u0107e proizvodnje i smanjenje uvoza energije,<\/li>\n<li>smanjenje emisije CO<sub>2,<\/sub><\/li>\n<li>anga\u017eiranje lokalnih izvo\u0111a\u010da za potrebe izgradnje vjetroelektrane,<\/li>\n<li>zapo\u0161ljavanje lokalnog stanovni\u0161ta za potrebe gradnje i odr\u017eavanja vjetroelektrane,<\/li>\n<li>pobolj\u0161anje lokalne infrastrukture,<\/li>\n<li>naknada od zakupa zemlji\u0161ta,<\/li>\n<li>edukacijske posjete i organizirane posjete \u0161kola.<\/li>\n<\/ul>\n<p>Pu\u0161tanje u pogon Vjetroelektrane Gvozd planirano je 2020. godine.<\/p>\n<div id=\"envira-gallery-wrap-3889\" class=\"envira-gallery-wrap envira-gallery-theme-base envira-lightbox-theme-base\" itemscope itemtype=\"https:\/\/schema.org\/ImageGallery\"><div data-row-height=\"150\" data-gallery-theme=\"normal\" id=\"envira-gallery-3889\" class=\"envira-gallery-public envira-gallery-justified-public envira-gallery-0-columns envira-clear enviratope envira-gallery-css-animations\" data-envira-columns=\"0\"><div id=\"envira-gallery-item-3715\" class=\"envira-gallery-item enviratope-item envira-gallery-item-1 envira-lazy-load\" style=\"padding-left: 5px; padding-bottom: 10px; padding-right: 5px;\"  itemscope itemtype=\"https:\/\/schema.org\/ImageObject\"><div class=\"envira-gallery-item-inner\"><div class=\"envira-gallery-position-overlay  envira-gallery-top-left\"><\/div><div class=\"envira-gallery-position-overlay  envira-gallery-top-right\"><\/div><div class=\"envira-gallery-position-overlay  envira-gallery-bottom-left\"><\/div><div class=\"envira-gallery-position-overlay  envira-gallery-bottom-right\"><\/div><a href=\"https:\/\/i0.wp.com\/green-gvozd.com\/wp-content\/uploads\/2018\/04\/snapshot.jpg\" class=\"envira-gallery-3889 envira-gallery-link\" rel=\"enviragallery3889\" title=\"\" data-envira-caption=\"\" data-envira-retina=\"\" data-thumbnail=\"\"  itemprop=\"contentUrl\"><img decoding=\"async\" id=\"envira-gallery-image-3715\" class=\"envira-gallery-image envira-gallery-image-1 envira-normal envira-lazy\" data-envira-index=\"1\" src=\"https:\/\/i0.wp.com\/green-gvozd.com\/wp-content\/uploads\/2018\/04\/snapshot.jpg?resize=150%2C150&#038;ssl=1\" data-envira-src=\"https:\/\/i0.wp.com\/green-gvozd.com\/wp-content\/uploads\/2018\/04\/snapshot.jpg?resize=150%2C150&#038;ssl=1\" data-envira-gallery-id=\"3889\" data-envira-item-id=\"3715\" data-envira-caption=\"\" alt=\"\" title=\"\"  itemprop=\"thumbnailUrl\" data-envira-srcset=\"https:\/\/i0.wp.com\/green-gvozd.com\/wp-content\/uploads\/2018\/04\/snapshot.jpg?resize=150%2C150&#038;ssl=1 400w,https:\/\/i0.wp.com\/green-gvozd.com\/wp-content\/uploads\/2018\/04\/snapshot.jpg?resize=150%2C150&#038;ssl=1 2x\" data-envira-width=\"300\" data-envira-height=\"129\" srcset=\"data:image\/gif;base64,R0lGODlhAQABAIAAAP\/\/\/\/\/\/\/yH5BAEKAAEALAAAAAABAAEAAAICTAEAOw==\" data-safe-src=\"data:image\/gif;base64,R0lGODlhAQABAIAAAP\/\/\/\/\/\/\/yH5BAEKAAEALAAAAAABAAEAAAICTAEAOw==\" \/><\/a><\/div><\/div><div id=\"envira-gallery-item-3714\" class=\"envira-gallery-item enviratope-item envira-gallery-item-2 envira-lazy-load\" style=\"padding-left: 5px; padding-bottom: 10px; padding-right: 5px;\"  itemscope itemtype=\"https:\/\/schema.org\/ImageObject\"><div class=\"envira-gallery-item-inner\"><div class=\"envira-gallery-position-overlay  envira-gallery-top-left\"><\/div><div class=\"envira-gallery-position-overlay  envira-gallery-top-right\"><\/div><div class=\"envira-gallery-position-overlay  envira-gallery-bottom-left\"><\/div><div class=\"envira-gallery-position-overlay  envira-gallery-bottom-right\"><\/div><a href=\"https:\/\/i0.wp.com\/green-gvozd.com\/wp-content\/uploads\/2018\/04\/snapshot-4.jpg\" class=\"envira-gallery-3889 envira-gallery-link\" rel=\"enviragallery3889\" title=\"\" data-envira-caption=\"\" data-envira-retina=\"\" data-thumbnail=\"\"  itemprop=\"contentUrl\"><img decoding=\"async\" id=\"envira-gallery-image-3714\" class=\"envira-gallery-image envira-gallery-image-2 envira-normal envira-lazy\" data-envira-index=\"2\" src=\"https:\/\/i0.wp.com\/green-gvozd.com\/wp-content\/uploads\/2018\/04\/snapshot-4.jpg?fit=640%2C360&#038;ssl=1\" data-envira-src=\"https:\/\/i0.wp.com\/green-gvozd.com\/wp-content\/uploads\/2018\/04\/snapshot-4.jpg?fit=640%2C360&#038;ssl=1\" data-envira-gallery-id=\"3889\" data-envira-item-id=\"3714\" data-envira-caption=\"\" alt=\"\" title=\"\"  itemprop=\"thumbnailUrl\" data-envira-srcset=\"https:\/\/i0.wp.com\/green-gvozd.com\/wp-content\/uploads\/2018\/04\/snapshot-4.jpg?fit=640%2C360&#038;ssl=1 400w,https:\/\/i0.wp.com\/green-gvozd.com\/wp-content\/uploads\/2018\/04\/snapshot-4.jpg?fit=640%2C360&#038;ssl=1 2x\" data-envira-width=\"300\" data-envira-height=\"169\" srcset=\"data:image\/gif;base64,R0lGODlhAQABAIAAAP\/\/\/\/\/\/\/yH5BAEKAAEALAAAAAABAAEAAAICTAEAOw==\" data-safe-src=\"data:image\/gif;base64,R0lGODlhAQABAIAAAP\/\/\/\/\/\/\/yH5BAEKAAEALAAAAAABAAEAAAICTAEAOw==\" \/><\/a><\/div><\/div><div id=\"envira-gallery-item-3712\" class=\"envira-gallery-item enviratope-item envira-gallery-item-3 envira-lazy-load\" style=\"padding-left: 5px; padding-bottom: 10px; padding-right: 5px;\"  itemscope itemtype=\"https:\/\/schema.org\/ImageObject\"><div class=\"envira-gallery-item-inner\"><div class=\"envira-gallery-position-overlay  envira-gallery-top-left\"><\/div><div class=\"envira-gallery-position-overlay  envira-gallery-top-right\"><\/div><div class=\"envira-gallery-position-overlay  envira-gallery-bottom-left\"><\/div><div class=\"envira-gallery-position-overlay  envira-gallery-bottom-right\"><\/div><a href=\"https:\/\/i0.wp.com\/green-gvozd.com\/wp-content\/uploads\/2018\/04\/snapshot-2.jpg\" class=\"envira-gallery-3889 envira-gallery-link\" rel=\"enviragallery3889\" title=\"\" data-envira-caption=\"\" data-envira-retina=\"\" data-thumbnail=\"\"  itemprop=\"contentUrl\"><img decoding=\"async\" id=\"envira-gallery-image-3712\" class=\"envira-gallery-image envira-gallery-image-3 envira-normal envira-lazy\" data-envira-index=\"3\" src=\"https:\/\/i0.wp.com\/green-gvozd.com\/wp-content\/uploads\/2018\/04\/snapshot-2.jpg?fit=1536%2C864&#038;ssl=1\" data-envira-src=\"https:\/\/i0.wp.com\/green-gvozd.com\/wp-content\/uploads\/2018\/04\/snapshot-2.jpg?fit=1536%2C864&#038;ssl=1\" data-envira-gallery-id=\"3889\" data-envira-item-id=\"3712\" data-envira-caption=\"\" alt=\"\" title=\"\"  itemprop=\"thumbnailUrl\" data-envira-srcset=\"https:\/\/i0.wp.com\/green-gvozd.com\/wp-content\/uploads\/2018\/04\/snapshot-2.jpg?fit=1536%2C864&#038;ssl=1 400w,https:\/\/i0.wp.com\/green-gvozd.com\/wp-content\/uploads\/2018\/04\/snapshot-2.jpg?fit=1536%2C864&#038;ssl=1 2x\" data-envira-width=\"300\" data-envira-height=\"169\" srcset=\"data:image\/gif;base64,R0lGODlhAQABAIAAAP\/\/\/\/\/\/\/yH5BAEKAAEALAAAAAABAAEAAAICTAEAOw==\" data-safe-src=\"data:image\/gif;base64,R0lGODlhAQABAIAAAP\/\/\/\/\/\/\/yH5BAEKAAEALAAAAAABAAEAAAICTAEAOw==\" \/><\/a><\/div><\/div><div id=\"envira-gallery-item-3711\" class=\"envira-gallery-item enviratope-item envira-gallery-item-4 envira-lazy-load\" style=\"padding-left: 5px; padding-bottom: 10px; padding-right: 5px;\"  itemscope itemtype=\"https:\/\/schema.org\/ImageObject\"><div class=\"envira-gallery-item-inner\"><div class=\"envira-gallery-position-overlay  envira-gallery-top-left\"><\/div><div class=\"envira-gallery-position-overlay  envira-gallery-top-right\"><\/div><div class=\"envira-gallery-position-overlay  envira-gallery-bottom-left\"><\/div><div class=\"envira-gallery-position-overlay  envira-gallery-bottom-right\"><\/div><a href=\"https:\/\/i0.wp.com\/green-gvozd.com\/wp-content\/uploads\/2018\/04\/snapshot-1.jpg\" class=\"envira-gallery-3889 envira-gallery-link\" rel=\"enviragallery3889\" title=\"\" data-envira-caption=\"\" data-envira-retina=\"\" data-thumbnail=\"\"  itemprop=\"contentUrl\"><img decoding=\"async\" id=\"envira-gallery-image-3711\" class=\"envira-gallery-image envira-gallery-image-4 envira-normal envira-lazy\" data-envira-index=\"4\" src=\"https:\/\/i0.wp.com\/green-gvozd.com\/wp-content\/uploads\/2018\/04\/snapshot-1.jpg?fit=300%2C169&#038;ssl=1\" data-envira-src=\"https:\/\/i0.wp.com\/green-gvozd.com\/wp-content\/uploads\/2018\/04\/snapshot-1.jpg?fit=300%2C169&#038;ssl=1\" data-envira-gallery-id=\"3889\" data-envira-item-id=\"3711\" data-envira-caption=\"\" alt=\"\" title=\"\"  itemprop=\"thumbnailUrl\" data-envira-srcset=\"https:\/\/i0.wp.com\/green-gvozd.com\/wp-content\/uploads\/2018\/04\/snapshot-1.jpg?fit=300%2C169&#038;ssl=1 400w,https:\/\/i0.wp.com\/green-gvozd.com\/wp-content\/uploads\/2018\/04\/snapshot-1.jpg?fit=300%2C169&#038;ssl=1 2x\" data-envira-width=\"300\" data-envira-height=\"169\" srcset=\"data:image\/gif;base64,R0lGODlhAQABAIAAAP\/\/\/\/\/\/\/yH5BAEKAAEALAAAAAABAAEAAAICTAEAOw==\" data-safe-src=\"data:image\/gif;base64,R0lGODlhAQABAIAAAP\/\/\/\/\/\/\/yH5BAEKAAEALAAAAAABAAEAAAICTAEAOw==\" \/><\/a><\/div><\/div><\/div><\/div><noscript><img decoding=\"async\" src=\"https:\/\/i0.wp.com\/green-gvozd.com\/wp-content\/uploads\/2018\/04\/snapshot.jpg?fit=1429%2C614&#038;ssl=1\" alt=\"\" \/><img decoding=\"async\" src=\"https:\/\/i0.wp.com\/green-gvozd.com\/wp-content\/uploads\/2018\/04\/snapshot-4.jpg?fit=1920%2C1080&#038;ssl=1\" alt=\"\" \/><img decoding=\"async\" src=\"https:\/\/i0.wp.com\/green-gvozd.com\/wp-content\/uploads\/2018\/04\/snapshot-2.jpg?fit=1920%2C1080&#038;ssl=1\" alt=\"\" \/><img decoding=\"async\" src=\"https:\/\/i0.wp.com\/green-gvozd.com\/wp-content\/uploads\/2018\/04\/snapshot-1.jpg?fit=1920%2C1080&#038;ssl=1\" alt=\"\" \/><\/noscript>\n\n","protected":false},"excerpt":{"rendered":"<p>Investitor Green Gvozd d.o.o. od 2009. godine vr\u0161i mjerenja vjetropotencijala na podru\u010dju Krnova, lokacijama Gvozd i Jeinjak, na osnovu kojih je utvr\u0111eno da postoji energetski potencijal vjetra koji se mo\u017ee tehni\u010dki iskoristiti. Vjetroelektrana Gvozd je planirana ju\u017eno od realizovane vjetroelektrane Krnovo, na lokalitetima izme\u0111u Gvozda i Obe\u0161enjaka, O\u0161trica, Gove\u0111i do, Ma\u0161ina glav, Jeinjak, Grakala i Vla\u0161ko brdo. Unutar podru\u010dja vjetroelektrane planira se izgradnja internog podzemnog kablovskog razvoda naponskog nivoa 33 kV, te dalekovoda naponskog nivoa 33 kV, \u010dija je svrha&hellip;<\/p>\n","protected":false},"author":1,"featured_media":0,"parent":0,"menu_order":0,"comment_status":"closed","ping_status":"closed","template":"","meta":{"_exactmetrics_skip_tracking":false,"_exactmetrics_sitenote_active":false,"_exactmetrics_sitenote_note":"","_exactmetrics_sitenote_category":0,"jetpack_post_was_ever_published":false,"footnotes":""},"class_list":["post-3568","page","type-page","status-publish","hentry"],"jetpack_sharing_enabled":true,"jetpack_shortlink":"https:\/\/wp.me\/PaMu7a-Vy","jetpack-related-posts":[],"_links":{"self":[{"href":"https:\/\/green-gvozd.com\/index.php?rest_route=\/wp\/v2\/pages\/3568","targetHints":{"allow":["GET"]}}],"collection":[{"href":"https:\/\/green-gvozd.com\/index.php?rest_route=\/wp\/v2\/pages"}],"about":[{"href":"https:\/\/green-gvozd.com\/index.php?rest_route=\/wp\/v2\/types\/page"}],"author":[{"embeddable":true,"href":"https:\/\/green-gvozd.com\/index.php?rest_route=\/wp\/v2\/users\/1"}],"replies":[{"embeddable":true,"href":"https:\/\/green-gvozd.com\/index.php?rest_route=%2Fwp%2Fv2%2Fcomments&post=3568"}],"version-history":[{"count":13,"href":"https:\/\/green-gvozd.com\/index.php?rest_route=\/wp\/v2\/pages\/3568\/revisions"}],"predecessor-version":[{"id":3891,"href":"https:\/\/green-gvozd.com\/index.php?rest_route=\/wp\/v2\/pages\/3568\/revisions\/3891"}],"wp:attachment":[{"href":"https:\/\/green-gvozd.com\/index.php?rest_route=%2Fwp%2Fv2%2Fmedia&parent=3568"}],"curies":[{"name":"wp","href":"https:\/\/api.w.org\/{rel}","templated":true}]}}